{"id":36856,"date":"2019-06-13T11:18:32","date_gmt":"2019-06-13T09:18:32","guid":{"rendered":"https:\/\/labotera.com\/vins\/bruna-blanc\/"},"modified":"2022-06-27T13:50:40","modified_gmt":"2022-06-27T11:50:40","slug":"bruna-white","status":"publish","type":"product","link":"https:\/\/labotera.panelserver.org\/en\/vins\/bruna-white\/","title":{"rendered":"Bruna white"},"content":{"rendered":"<div class=\"wpb-content-wrapper\"><p>[vc_row css=&#8221;.vc_custom_1548668007479{padding-right: 0px !important;}&#8221;][vc_column width=&#8221;1\/2&#8243;][vc_column_text]<\/p>\n<div id=\"container\">\n<div id=\"row\">\n<div id=\"left\"><img data-recalc-dims=\"1\" decoding=\"async\" class=\"icono\" src=\"https:\/\/i0.wp.com\/labotera.panelserver.org\/wp-content\/uploads\/2019\/01\/Icon_local.jpg?w=1200&#038;ssl=1\" alt=\"\" \/><\/div>\n<div id=\"middle\">\n<div class=\"texto\">\n<h3><b>LOCATION <\/b><\/h3>\n<\/div>\n<\/div>\n<\/div>\n<\/div>\n<div id=\"container\">\n<div id=\"row\">\n<div id=\"left\" class=\"blanc\"><\/div>\n<div id=\"middle\">\n<div class=\"texto\">\n<p>Country: Spain<br \/>\nDenomination of origin: Terra Alta<br \/>\nProcessing centre: Batea<\/p>\n<\/div>\n<\/div>\n<\/div>\n<\/div>\n<p>[\/vc_column_text][vc_column_text css=&#8221;.vc_custom_1656330511917{margin-top: -15px !important;}&#8221;]<\/p>\n<div id=\"container\">\n<div id=\"row\">\n<div id=\"left\"><img data-recalc-dims=\"1\" decoding=\"async\" class=\"icono\" src=\"https:\/\/i0.wp.com\/labotera.panelserver.org\/wp-content\/uploads\/2019\/01\/Icon_Varietats.jpg?w=1200&#038;ssl=1\" alt=\"\" \/><\/div>\n<div id=\"middle\">\n<div class=\"texto\">\n<h3><b>VARIETIES<\/b><\/h3>\n<\/div>\n<\/div>\n<\/div>\n<\/div>\n<div id=\"container\">\n<div id=\"row\">\n<div id=\"left\" class=\"blanc\"><\/div>\n<div id=\"middle\">\n<div class=\"texto\">100% white Grenache<\/div>\n<\/div>\n<\/div>\n<\/div>\n<p>[\/vc_column_text][vc_column_text css=&#8221;.vc_custom_1656330533238{margin-top: -15px !important;}&#8221;]<\/p>\n<div id=\"container\">\n<div id=\"row\">\n<div id=\"left\"><img data-recalc-dims=\"1\" decoding=\"async\" class=\"icono\" src=\"https:\/\/i0.wp.com\/labotera.panelserver.org\/wp-content\/uploads\/2019\/01\/Icon_Vinificacio.jpg?w=1200&#038;ssl=1\" alt=\"\" \/><\/div>\n<div id=\"middle\">\n<div class=\"texto\">\n<h3><b>VINIFICATION<\/b><\/h3>\n<\/div>\n<\/div>\n<\/div>\n<\/div>\n<div id=\"container\">\n<div id=\"row\">\n<div id=\"left\" class=\"blanc\"><\/div>\n<div id=\"middle\">\n<div class=\"texto\">Partial fermentation of late harvest grapes<\/div>\n<\/div>\n<\/div>\n<\/div>\n<p>[\/vc_column_text][\/vc_column][vc_column width=&#8221;1\/2&#8243;][vc_column_text]<\/p>\n<div id=\"container\">\n<div id=\"row\">\n<div id=\"left\"><img data-recalc-dims=\"1\" decoding=\"async\" class=\"icono\" src=\"https:\/\/i0.wp.com\/labotera.panelserver.org\/wp-content\/uploads\/2019\/01\/Icon_crian%C3%A7a.jpg?w=1200&#038;ssl=1\" alt=\"\" \/><\/div>\n<div id=\"middle\">\n<div class=\"texto\">\n<h3><b>AGEING<\/b><\/h3>\n<\/div>\n<\/div>\n<\/div>\n<\/div>\n<div id=\"container\">\n<div id=\"row\">\n<div id=\"left\" class=\"blanc\"><\/div>\n<div id=\"middle\">\n<div class=\"texto\">3 months in small oak barrels<\/div>\n<\/div>\n<\/div>\n<\/div>\n<p>[\/vc_column_text][vc_row_inner disable_element=&#8221;yes&#8221;][vc_column_inner][vc_column_text css=&#8221;.vc_custom_1656330601751{margin-top: -15px !important;}&#8221;]<\/p>\n<div id=\"container\">\n<div id=\"row\">\n<div id=\"left\"><img data-recalc-dims=\"1\" decoding=\"async\" class=\"icono\" src=\"https:\/\/i0.wp.com\/labotera.panelserver.org\/wp-content\/uploads\/2019\/01\/Icon_Tast.jpg?w=1200&#038;ssl=1\" alt=\"\" \/><\/div>\n<div id=\"middle\">\n<div class=\"texto\">\n<h3><b>TASTING<\/b><\/h3>\n<\/div>\n<\/div>\n<\/div>\n<\/div>\n<div id=\"container\">\n<div id=\"row\">\n<div id=\"left\" class=\"blanc\"><\/div>\n<div id=\"middle\">\n<div class=\"texto\">Intense and brilliant violet-ruby in colour. On the nose, the aroma of blackberry compote, hints of dried plum and figs stands out. There are also special aromas such as cloves and balsamic notes. In mouth, the touch is velvety and voluminous, with a surprising balance of acidity and sweetnes.<\/div>\n<\/div>\n<\/div>\n<\/div>\n<p>[\/vc_column_text][\/vc_column_inner][\/vc_row_inner][vc_row_inner][vc_column_inner width=&#8221;1\/2&#8243;]<style type=\"text\/css\" data-type=\"the7_shortcodes-inline-css\">#default-btn-1ecdedf07e391308bacef26f89501d98.ico-right-side > i {\n  margin-right: 0px;\n  margin-left: 8px;\n}\n#default-btn-1ecdedf07e391308bacef26f89501d98 > i {\n  margin-right: 8px;\n}\n<\/style><div class=\"btn-align-center\"><a href=\"https:\/\/labotera.panelserver.org\/wp-content\/uploads\/2022\/06\/white-bruna-angles-2022.pdf\" class=\"default-btn-shortcode dt-btn dt-btn-m link-hover-off ico-right-side \" target=\"_blank\" id=\"default-btn-1ecdedf07e391308bacef26f89501d98\" rel=\"noopener\"><span>Download file<\/span><i class=\"fas fa-cloud-download-alt\"><\/i><\/a><\/div>[\/vc_column_inner][vc_column_inner width=&#8221;1\/2&#8243;][\/vc_column_inner][\/vc_row_inner][\/vc_column][\/vc_row]<\/p>\n<\/div>","protected":false},"excerpt":{"rendered":"<p>Ra\u00efm de verema tardana: es verema a finals d\u2019octubre, quan la concentraci\u00f3 de sucres \u00e9s elevada. Es deixa fermentar parcialment de manera lenta. Despr\u00e9s es premsa i t\u00e9 un posterior envelliment en petites botes de roure.<\/p>\n","protected":false},"featured_media":41362,"template":"","meta":{"_joinchat":[]},"product_brand":[],"product_cat":[191,674],"product_tag":[],"class_list":{"0":"post-36856","1":"product","2":"type-product","3":"status-publish","4":"has-post-thumbnail","6":"product_cat-unitats-en","7":"product_cat-vins-dolcos-naturals-botiga-en","8":"product_shipping_class-enviament-standard-en","9":"description-off","11":"first","12":"instock","13":"taxable","14":"shipping-taxable","15":"purchasable","16":"product-type-simple"},"yoast_head":"<!-- This site is optimized with the Yoast SEO plugin v25.7 - https:\/\/yoast.com\/wordpress\/plugins\/seo\/ -->\n<title>Bruna white - Celler La Botera - Terra Alta<\/title>\n<meta name=\"robots\" content=\"noindex, follow, max-snippet:-1, max-image-preview:large, max-video-preview:-1\" \/>\n<meta property=\"og:locale\" content=\"en_US\" \/>\n<meta property=\"og:type\" content=\"article\" \/>\n<meta property=\"og:title\" content=\"Bruna white - Celler La Botera - Terra Alta\" \/>\n<meta property=\"og:description\" content=\"Ra\u00efm de verema tardana: es verema a finals d\u2019octubre, quan la concentraci\u00f3 de sucres \u00e9s elevada. Es deixa fermentar parcialment de manera lenta. Despr\u00e9s es premsa i t\u00e9 un posterior envelliment en petites botes de roure.\" \/>\n<meta property=\"og:url\" content=\"https:\/\/labotera.panelserver.org\/en\/vins\/bruna-white\/\" \/>\n<meta property=\"og:site_name\" content=\"Celler La Botera - Terra Alta\" \/>\n<meta property=\"article:modified_time\" content=\"2022-06-27T11:50:40+00:00\" \/>\n<meta property=\"og:image\" content=\"https:\/\/labotera.panelserver.org\/wp-content\/uploads\/2022\/06\/bruna-blanca-500px-2022.jpg\" \/>\n\t<meta property=\"og:image:width\" content=\"500\" \/>\n\t<meta property=\"og:image:height\" content=\"500\" \/>\n\t<meta property=\"og:image:type\" content=\"image\/jpeg\" \/>\n<meta name=\"twitter:card\" content=\"summary_large_image\" \/>\n<meta name=\"twitter:label1\" content=\"Est. reading time\" \/>\n\t<meta name=\"twitter:data1\" content=\"2 minutes\" \/>\n<script type=\"application\/ld+json\" class=\"yoast-schema-graph\">{\"@context\":\"https:\/\/schema.org\",\"@graph\":[{\"@type\":\"WebPage\",\"@id\":\"https:\/\/labotera.panelserver.org\/en\/vins\/bruna-white\/\",\"url\":\"https:\/\/labotera.panelserver.org\/en\/vins\/bruna-white\/\",\"name\":\"Bruna white - Celler La Botera - Terra Alta\",\"isPartOf\":{\"@id\":\"https:\/\/labotera.panelserver.org\/en\/#website\"},\"primaryImageOfPage\":{\"@id\":\"https:\/\/labotera.panelserver.org\/en\/vins\/bruna-white\/#primaryimage\"},\"image\":{\"@id\":\"https:\/\/labotera.panelserver.org\/en\/vins\/bruna-white\/#primaryimage\"},\"thumbnailUrl\":\"https:\/\/labotera.panelserver.org\/wp-content\/uploads\/2022\/06\/bruna-blanca-500px-2022.jpg\",\"datePublished\":\"2019-06-13T09:18:32+00:00\",\"dateModified\":\"2022-06-27T11:50:40+00:00\",\"breadcrumb\":{\"@id\":\"https:\/\/labotera.panelserver.org\/en\/vins\/bruna-white\/#breadcrumb\"},\"inLanguage\":\"en-US\",\"potentialAction\":[{\"@type\":\"ReadAction\",\"target\":[\"https:\/\/labotera.panelserver.org\/en\/vins\/bruna-white\/\"]}]},{\"@type\":\"ImageObject\",\"inLanguage\":\"en-US\",\"@id\":\"https:\/\/labotera.panelserver.org\/en\/vins\/bruna-white\/#primaryimage\",\"url\":\"https:\/\/labotera.panelserver.org\/wp-content\/uploads\/2022\/06\/bruna-blanca-500px-2022.jpg\",\"contentUrl\":\"https:\/\/labotera.panelserver.org\/wp-content\/uploads\/2022\/06\/bruna-blanca-500px-2022.jpg\",\"width\":500,\"height\":500},{\"@type\":\"BreadcrumbList\",\"@id\":\"https:\/\/labotera.panelserver.org\/en\/vins\/bruna-white\/#breadcrumb\",\"itemListElement\":[{\"@type\":\"ListItem\",\"position\":1,\"name\":\"Portada\",\"item\":\"https:\/\/labotera.panelserver.org\/en\/\"},{\"@type\":\"ListItem\",\"position\":2,\"name\":\"Shop\",\"item\":\"https:\/\/labotera.panelserver.org\/botiga\/\"},{\"@type\":\"ListItem\",\"position\":3,\"name\":\"Bruna white\"}]},{\"@type\":\"WebSite\",\"@id\":\"https:\/\/labotera.panelserver.org\/en\/#website\",\"url\":\"https:\/\/labotera.panelserver.org\/en\/\",\"name\":\"Celler La Botera - Terra Alta\",\"description\":\"\",\"publisher\":{\"@id\":\"https:\/\/labotera.panelserver.org\/en\/#organization\"},\"potentialAction\":[{\"@type\":\"SearchAction\",\"target\":{\"@type\":\"EntryPoint\",\"urlTemplate\":\"https:\/\/labotera.panelserver.org\/en\/?s={search_term_string}\"},\"query-input\":{\"@type\":\"PropertyValueSpecification\",\"valueRequired\":true,\"valueName\":\"search_term_string\"}}],\"inLanguage\":\"en-US\"},{\"@type\":\"Organization\",\"@id\":\"https:\/\/labotera.panelserver.org\/en\/#organization\",\"name\":\"Celler La Botera\",\"url\":\"https:\/\/labotera.panelserver.org\/en\/\",\"logo\":{\"@type\":\"ImageObject\",\"inLanguage\":\"en-US\",\"@id\":\"https:\/\/labotera.panelserver.org\/en\/#\/schema\/logo\/image\/\",\"url\":\"https:\/\/labotera.panelserver.org\/wp-content\/uploads\/2019\/07\/logo-labotera-facturas.png\",\"contentUrl\":\"https:\/\/labotera.panelserver.org\/wp-content\/uploads\/2019\/07\/logo-labotera-facturas.png\",\"width\":208,\"height\":40,\"caption\":\"Celler La Botera\"},\"image\":{\"@id\":\"https:\/\/labotera.panelserver.org\/en\/#\/schema\/logo\/image\/\"}}]}<\/script>\n<!-- \/ Yoast SEO plugin. -->","yoast_head_json":{"title":"Bruna white - Celler La Botera - Terra Alta","robots":{"index":"noindex","follow":"follow","max-snippet":"max-snippet:-1","max-image-preview":"max-image-preview:large","max-video-preview":"max-video-preview:-1"},"og_locale":"en_US","og_type":"article","og_title":"Bruna white - Celler La Botera - Terra Alta","og_description":"Ra\u00efm de verema tardana: es verema a finals d\u2019octubre, quan la concentraci\u00f3 de sucres \u00e9s elevada. Es deixa fermentar parcialment de manera lenta. Despr\u00e9s es premsa i t\u00e9 un posterior envelliment en petites botes de roure.","og_url":"https:\/\/labotera.panelserver.org\/en\/vins\/bruna-white\/","og_site_name":"Celler La Botera - Terra Alta","article_modified_time":"2022-06-27T11:50:40+00:00","og_image":[{"width":500,"height":500,"url":"https:\/\/labotera.panelserver.org\/wp-content\/uploads\/2022\/06\/bruna-blanca-500px-2022.jpg","type":"image\/jpeg"}],"twitter_card":"summary_large_image","twitter_misc":{"Est. reading time":"2 minutes"},"schema":{"@context":"https:\/\/schema.org","@graph":[{"@type":"WebPage","@id":"https:\/\/labotera.panelserver.org\/en\/vins\/bruna-white\/","url":"https:\/\/labotera.panelserver.org\/en\/vins\/bruna-white\/","name":"Bruna white - Celler La Botera - Terra Alta","isPartOf":{"@id":"https:\/\/labotera.panelserver.org\/en\/#website"},"primaryImageOfPage":{"@id":"https:\/\/labotera.panelserver.org\/en\/vins\/bruna-white\/#primaryimage"},"image":{"@id":"https:\/\/labotera.panelserver.org\/en\/vins\/bruna-white\/#primaryimage"},"thumbnailUrl":"https:\/\/labotera.panelserver.org\/wp-content\/uploads\/2022\/06\/bruna-blanca-500px-2022.jpg","datePublished":"2019-06-13T09:18:32+00:00","dateModified":"2022-06-27T11:50:40+00:00","breadcrumb":{"@id":"https:\/\/labotera.panelserver.org\/en\/vins\/bruna-white\/#breadcrumb"},"inLanguage":"en-US","potentialAction":[{"@type":"ReadAction","target":["https:\/\/labotera.panelserver.org\/en\/vins\/bruna-white\/"]}]},{"@type":"ImageObject","inLanguage":"en-US","@id":"https:\/\/labotera.panelserver.org\/en\/vins\/bruna-white\/#primaryimage","url":"https:\/\/labotera.panelserver.org\/wp-content\/uploads\/2022\/06\/bruna-blanca-500px-2022.jpg","contentUrl":"https:\/\/labotera.panelserver.org\/wp-content\/uploads\/2022\/06\/bruna-blanca-500px-2022.jpg","width":500,"height":500},{"@type":"BreadcrumbList","@id":"https:\/\/labotera.panelserver.org\/en\/vins\/bruna-white\/#breadcrumb","itemListElement":[{"@type":"ListItem","position":1,"name":"Portada","item":"https:\/\/labotera.panelserver.org\/en\/"},{"@type":"ListItem","position":2,"name":"Shop","item":"https:\/\/labotera.panelserver.org\/botiga\/"},{"@type":"ListItem","position":3,"name":"Bruna white"}]},{"@type":"WebSite","@id":"https:\/\/labotera.panelserver.org\/en\/#website","url":"https:\/\/labotera.panelserver.org\/en\/","name":"Celler La Botera - Terra Alta","description":"","publisher":{"@id":"https:\/\/labotera.panelserver.org\/en\/#organization"},"potentialAction":[{"@type":"SearchAction","target":{"@type":"EntryPoint","urlTemplate":"https:\/\/labotera.panelserver.org\/en\/?s={search_term_string}"},"query-input":{"@type":"PropertyValueSpecification","valueRequired":true,"valueName":"search_term_string"}}],"inLanguage":"en-US"},{"@type":"Organization","@id":"https:\/\/labotera.panelserver.org\/en\/#organization","name":"Celler La Botera","url":"https:\/\/labotera.panelserver.org\/en\/","logo":{"@type":"ImageObject","inLanguage":"en-US","@id":"https:\/\/labotera.panelserver.org\/en\/#\/schema\/logo\/image\/","url":"https:\/\/labotera.panelserver.org\/wp-content\/uploads\/2019\/07\/logo-labotera-facturas.png","contentUrl":"https:\/\/labotera.panelserver.org\/wp-content\/uploads\/2019\/07\/logo-labotera-facturas.png","width":208,"height":40,"caption":"Celler La Botera"},"image":{"@id":"https:\/\/labotera.panelserver.org\/en\/#\/schema\/logo\/image\/"}}]}},"jetpack_sharing_enabled":true,"_links":{"self":[{"href":"https:\/\/labotera.panelserver.org\/en\/wp-json\/wp\/v2\/product\/36856","targetHints":{"allow":["GET"]}}],"collection":[{"href":"https:\/\/labotera.panelserver.org\/en\/wp-json\/wp\/v2\/product"}],"about":[{"href":"https:\/\/labotera.panelserver.org\/en\/wp-json\/wp\/v2\/types\/product"}],"version-history":[{"count":1,"href":"https:\/\/labotera.panelserver.org\/en\/wp-json\/wp\/v2\/product\/36856\/revisions"}],"predecessor-version":[{"id":41593,"href":"https:\/\/labotera.panelserver.org\/en\/wp-json\/wp\/v2\/product\/36856\/revisions\/41593"}],"wp:featuredmedia":[{"embeddable":true,"href":"https:\/\/labotera.panelserver.org\/en\/wp-json\/wp\/v2\/media\/41362"}],"wp:attachment":[{"href":"https:\/\/labotera.panelserver.org\/en\/wp-json\/wp\/v2\/media?parent=36856"}],"wp:term":[{"taxonomy":"product_brand","embeddable":true,"href":"https:\/\/labotera.panelserver.org\/en\/wp-json\/wp\/v2\/product_brand?post=36856"},{"taxonomy":"product_cat","embeddable":true,"href":"https:\/\/labotera.panelserver.org\/en\/wp-json\/wp\/v2\/product_cat?post=36856"},{"taxonomy":"product_tag","embeddable":true,"href":"https:\/\/labotera.panelserver.org\/en\/wp-json\/wp\/v2\/product_tag?post=36856"}],"curies":[{"name":"wp","href":"https:\/\/api.w.org\/{rel}","templated":true}]}}