{"id":27070,"date":"2020-07-06T09:10:39","date_gmt":"2020-07-06T07:10:40","guid":{"rendered":"https:\/\/labotera.com\/?post_type=product&#038;p=27070"},"modified":"2022-08-11T12:32:35","modified_gmt":"2022-08-11T10:32:35","slug":"bag-in-box-vino-blanco","status":"publish","type":"product","link":"https:\/\/labotera.panelserver.org\/es\/vins\/bag-in-box-vino-blanco\/","title":{"rendered":"\u00abLa caixa que raja\u00bb vino blanco"},"content":{"rendered":"<div class=\"wpb-content-wrapper\"><p>[vc_row css=\u00bb.vc_custom_1548668007479{padding-right: 0px !important;}\u00bb][vc_column width=\u00bb1\/2&#8243;][vc_column_text]<\/p>\n<div id=\"container\">\n<div id=\"row\">\n<div id=\"left\"><img data-recalc-dims=\"1\" decoding=\"async\" class=\"icono\" src=\"https:\/\/i0.wp.com\/labotera.panelserver.org\/wp-content\/uploads\/2019\/01\/Icon_local.jpg?w=1200&#038;ssl=1\" alt=\"\" \/><\/div>\n<div id=\"middle\">\n<div class=\"texto\">\n<h3><b>LOCALIZACI\u00d3N<\/b><\/h3>\n<\/div>\n<\/div>\n<\/div>\n<\/div>\n<div id=\"container\">\n<div id=\"row\">\n<div id=\"left\" class=\"blanc\"><\/div>\n<div id=\"middle\">\n<div class=\"texto\">\n<p>Pa\u00eds: Espa\u00f1a<br \/>\nDenominaci\u00f3n de origen: Terra Alta<br \/>\nCentro de elaboraci\u00f3n: Batea<\/p>\n<\/div>\n<\/div>\n<\/div>\n<\/div>\n<p>[\/vc_column_text][vc_column_text css=\u00bb.vc_custom_1548838232603{margin-top: -15px !important;}\u00bb]<\/p>\n<div id=\"container\">\n<div id=\"row\">\n<div id=\"left\"><img data-recalc-dims=\"1\" decoding=\"async\" class=\"icono\" src=\"https:\/\/i0.wp.com\/labotera.panelserver.org\/wp-content\/uploads\/2019\/01\/Icon_Varietats.jpg?w=1200&#038;ssl=1\" alt=\"\" \/><\/div>\n<div id=\"middle\">\n<div class=\"texto\">\n<h3><b>VARIEDADES<\/b><\/h3>\n<\/div>\n<\/div>\n<\/div>\n<\/div>\n<div id=\"container\">\n<div id=\"row\">\n<div id=\"left\" class=\"blanc\"><\/div>\n<div id=\"middle\">\n<div class=\"texto\">Garnacha blanca 100%<\/div>\n<\/div>\n<\/div>\n<\/div>\n<p>[\/vc_column_text][vc_column_text css=\u00bb.vc_custom_1548838254791{margin-top: -15px !important;}\u00bb]<\/p>\n<div id=\"container\">\n<div id=\"row\">\n<div id=\"left\"><img data-recalc-dims=\"1\" decoding=\"async\" class=\"icono\" src=\"https:\/\/i0.wp.com\/labotera.panelserver.org\/wp-content\/uploads\/2019\/01\/Icon_Vinificacio.jpg?w=1200&#038;ssl=1\" alt=\"\" \/><\/div>\n<div id=\"middle\">\n<div class=\"texto\">\n<h3><b>VINIFICACI\u00d3N<\/b><\/h3>\n<\/div>\n<\/div>\n<\/div>\n<\/div>\n<div id=\"container\">\n<div id=\"row\">\n<div id=\"left\" class=\"blanc\"><\/div>\n<div id=\"middle\">\n<div class=\"texto\">Fermentaci\u00f3n a temperatura controlada<\/div>\n<\/div>\n<\/div>\n<\/div>\n<p>[\/vc_column_text][\/vc_column][vc_column width=\u00bb1\/2&#8243;][vc_column_text]<\/p>\n<div id=\"container\">\n<div id=\"row\">\n<div id=\"left\"><img data-recalc-dims=\"1\" decoding=\"async\" class=\"icono\" src=\"https:\/\/i0.wp.com\/labotera.panelserver.org\/wp-content\/uploads\/2019\/01\/Icon_crian%C3%A7a.jpg?w=1200&#038;ssl=1\" alt=\"\" \/><\/div>\n<div id=\"middle\">\n<div class=\"texto\">\n<h3><b>CRIANZA<\/b><\/h3>\n<\/div>\n<\/div>\n<\/div>\n<\/div>\n<div id=\"container\">\n<div id=\"row\">\n<div id=\"left\" class=\"blanc\"><\/div>\n<div id=\"middle\">\n<div class=\"texto\">Vino joven<\/div>\n<\/div>\n<\/div>\n<\/div>\n<p>[\/vc_column_text][vc_column_text css=\u00bb.vc_custom_1548838328369{margin-top: -15px !important;}\u00bb]<\/p>\n<div id=\"container\">\n<div id=\"row\">\n<div id=\"left\"><img data-recalc-dims=\"1\" decoding=\"async\" class=\"icono\" src=\"https:\/\/i0.wp.com\/labotera.panelserver.org\/wp-content\/uploads\/2019\/01\/Icon_Tast.jpg?w=1200&#038;ssl=1\" alt=\"\" \/><\/div>\n<div id=\"middle\">\n<div class=\"texto\">\n<h3><b>CATA<\/b><\/h3>\n<\/div>\n<\/div>\n<\/div>\n<\/div>\n<div id=\"container\">\n<div id=\"row\">\n<div id=\"left\" class=\"blanc\"><\/div>\n<div id=\"middle\">\n<div class=\"texto\">Se caracteriza por su frescura y por su amplio abanico arom\u00e1tico.<\/div>\n<\/div>\n<\/div>\n<\/div>\n<p>[\/vc_column_text][vc_row_inner][vc_column_inner width=\u00bb1\/2&#8243;]<style type=\"text\/css\" data-type=\"the7_shortcodes-inline-css\">#default-btn-2294d4ed72e07d958ee4190ec4a1a58f.ico-right-side > i {\n  margin-right: 0px;\n  margin-left: 8px;\n}\n#default-btn-2294d4ed72e07d958ee4190ec4a1a58f > i {\n  margin-right: 8px;\n}\n<\/style><div class=\"btn-align-center\"><a href=\"https:\/\/labotera.panelserver.org\/wp-content\/uploads\/2022\/06\/la-caixa-q-raja-blanc-espan\u0303ol.pdf\" class=\"default-btn-shortcode dt-btn dt-btn-m link-hover-off ico-right-side \" target=\"_blank\" id=\"default-btn-2294d4ed72e07d958ee4190ec4a1a58f\" rel=\"noopener\"><span>Descargar ficha<\/span><i class=\"fas fa-cloud-download-alt\"><\/i><\/a><\/div>[\/vc_column_inner][vc_column_inner width=\u00bb1\/2&#8243;][\/vc_column_inner][\/vc_row_inner][\/vc_column][\/vc_row]<\/p>\n<\/div>","protected":false},"excerpt":{"rendered":"<p><strong>Bag in box de 3 litros de buen vino DO Terra Alta.<\/strong><br \/>\n<strong>Vino blanco de garnacha y macabeo.<\/strong><\/p>\n<p>Es tiempo de disfrutar de vinos j\u00f3venes de gama alta de forma cotidiana. La Botera ha apostado por envasar parte de sus vinos j\u00f3venes de una corta crianza en un bag-in-box para ofrecer as\u00ed un buen vino a mejor precio.<\/p>\n<p><strong>Cajas de 4 envases de 3L<\/strong><\/p>\n<div id=\"gtx-trans\" style=\"position: absolute; left: 233px; top: -16px;\">\n<div class=\"gtx-trans-icon\"><\/div>\n<\/div>\n","protected":false},"featured_media":41373,"template":"","meta":{"_joinchat":[]},"product_brand":[],"product_cat":[264,266],"product_tag":[],"class_list":{"0":"post-27070","1":"product","2":"type-product","3":"status-publish","4":"has-post-thumbnail","6":"product_cat-bag-in-box-tienda","7":"product_cat-vinos-blancos-tienda","8":"description-off","10":"first","11":"instock","12":"taxable","13":"shipping-taxable","14":"product-type-variable"},"yoast_head":"<!-- This site is optimized with the Yoast SEO plugin v25.7 - https:\/\/yoast.com\/wordpress\/plugins\/seo\/ -->\n<title>&quot;La caixa que raja&quot; vino blanco - Celler La Botera - Terra Alta<\/title>\n<meta name=\"description\" content=\"Bag in box de 3 litros de vino bo DO Terra Alta. Vino blanco de garnacha y macabeo.\" \/>\n<meta name=\"robots\" content=\"noindex, follow, max-snippet:-1, max-image-preview:large, max-video-preview:-1\" \/>\n<meta property=\"og:locale\" content=\"es_ES\" \/>\n<meta property=\"og:type\" content=\"article\" \/>\n<meta property=\"og:title\" content=\"&quot;La caixa que raja&quot; vino blanco - Celler La Botera - Terra Alta\" \/>\n<meta property=\"og:description\" content=\"Bag in box de 3 litros de vino bo DO Terra Alta. Vino blanco de garnacha y macabeo.\" \/>\n<meta property=\"og:url\" content=\"https:\/\/labotera.panelserver.org\/es\/vins\/bag-in-box-vino-blanco\/\" \/>\n<meta property=\"og:site_name\" content=\"Celler La Botera - Terra Alta\" \/>\n<meta property=\"article:modified_time\" content=\"2022-08-11T10:32:35+00:00\" \/>\n<meta property=\"og:image\" content=\"https:\/\/labotera.panelserver.org\/wp-content\/uploads\/2022\/06\/lacaixaqueraja-labotera-2022-blanc.jpg\" \/>\n\t<meta property=\"og:image:width\" content=\"2000\" \/>\n\t<meta property=\"og:image:height\" content=\"2000\" \/>\n\t<meta property=\"og:image:type\" content=\"image\/jpeg\" \/>\n<meta name=\"twitter:card\" content=\"summary_large_image\" \/>\n<meta name=\"twitter:label1\" content=\"Tiempo de lectura\" \/>\n\t<meta name=\"twitter:data1\" content=\"1 minuto\" \/>\n<script type=\"application\/ld+json\" class=\"yoast-schema-graph\">{\"@context\":\"https:\/\/schema.org\",\"@graph\":[{\"@type\":\"WebPage\",\"@id\":\"https:\/\/labotera.panelserver.org\/es\/vins\/bag-in-box-vino-blanco\/\",\"url\":\"https:\/\/labotera.panelserver.org\/es\/vins\/bag-in-box-vino-blanco\/\",\"name\":\"\\\"La caixa que raja\\\" vino blanco - Celler La Botera - Terra Alta\",\"isPartOf\":{\"@id\":\"https:\/\/labotera.panelserver.org\/es\/#website\"},\"primaryImageOfPage\":{\"@id\":\"https:\/\/labotera.panelserver.org\/es\/vins\/bag-in-box-vino-blanco\/#primaryimage\"},\"image\":{\"@id\":\"https:\/\/labotera.panelserver.org\/es\/vins\/bag-in-box-vino-blanco\/#primaryimage\"},\"thumbnailUrl\":\"https:\/\/labotera.panelserver.org\/wp-content\/uploads\/2022\/06\/lacaixaqueraja-labotera-2022-blanc.jpg\",\"datePublished\":\"2020-07-06T07:10:40+00:00\",\"dateModified\":\"2022-08-11T10:32:35+00:00\",\"description\":\"Bag in box de 3 litros de vino bo DO Terra Alta. Vino blanco de garnacha y macabeo.\",\"breadcrumb\":{\"@id\":\"https:\/\/labotera.panelserver.org\/es\/vins\/bag-in-box-vino-blanco\/#breadcrumb\"},\"inLanguage\":\"es\",\"potentialAction\":[{\"@type\":\"ReadAction\",\"target\":[\"https:\/\/labotera.panelserver.org\/es\/vins\/bag-in-box-vino-blanco\/\"]}]},{\"@type\":\"ImageObject\",\"inLanguage\":\"es\",\"@id\":\"https:\/\/labotera.panelserver.org\/es\/vins\/bag-in-box-vino-blanco\/#primaryimage\",\"url\":\"https:\/\/labotera.panelserver.org\/wp-content\/uploads\/2022\/06\/lacaixaqueraja-labotera-2022-blanc.jpg\",\"contentUrl\":\"https:\/\/labotera.panelserver.org\/wp-content\/uploads\/2022\/06\/lacaixaqueraja-labotera-2022-blanc.jpg\",\"width\":2000,\"height\":2000},{\"@type\":\"BreadcrumbList\",\"@id\":\"https:\/\/labotera.panelserver.org\/es\/vins\/bag-in-box-vino-blanco\/#breadcrumb\",\"itemListElement\":[{\"@type\":\"ListItem\",\"position\":1,\"name\":\"Portada\",\"item\":\"https:\/\/labotera.panelserver.org\/es\/\"},{\"@type\":\"ListItem\",\"position\":2,\"name\":\"Tienda\",\"item\":\"https:\/\/labotera.panelserver.org\/es\/tienda\/\"},{\"@type\":\"ListItem\",\"position\":3,\"name\":\"\u00abLa caixa que raja\u00bb vino blanco\"}]},{\"@type\":\"WebSite\",\"@id\":\"https:\/\/labotera.panelserver.org\/es\/#website\",\"url\":\"https:\/\/labotera.panelserver.org\/es\/\",\"name\":\"Celler La Botera - Terra Alta\",\"description\":\"\",\"publisher\":{\"@id\":\"https:\/\/labotera.panelserver.org\/es\/#organization\"},\"potentialAction\":[{\"@type\":\"SearchAction\",\"target\":{\"@type\":\"EntryPoint\",\"urlTemplate\":\"https:\/\/labotera.panelserver.org\/es\/?s={search_term_string}\"},\"query-input\":{\"@type\":\"PropertyValueSpecification\",\"valueRequired\":true,\"valueName\":\"search_term_string\"}}],\"inLanguage\":\"es\"},{\"@type\":\"Organization\",\"@id\":\"https:\/\/labotera.panelserver.org\/es\/#organization\",\"name\":\"Celler La Botera\",\"url\":\"https:\/\/labotera.panelserver.org\/es\/\",\"logo\":{\"@type\":\"ImageObject\",\"inLanguage\":\"es\",\"@id\":\"https:\/\/labotera.panelserver.org\/es\/#\/schema\/logo\/image\/\",\"url\":\"https:\/\/labotera.panelserver.org\/wp-content\/uploads\/2019\/07\/logo-labotera-facturas.png\",\"contentUrl\":\"https:\/\/labotera.panelserver.org\/wp-content\/uploads\/2019\/07\/logo-labotera-facturas.png\",\"width\":208,\"height\":40,\"caption\":\"Celler La Botera\"},\"image\":{\"@id\":\"https:\/\/labotera.panelserver.org\/es\/#\/schema\/logo\/image\/\"}}]}<\/script>\n<!-- \/ Yoast SEO plugin. -->","yoast_head_json":{"title":"\"La caixa que raja\" vino blanco - Celler La Botera - Terra Alta","description":"Bag in box de 3 litros de vino bo DO Terra Alta. Vino blanco de garnacha y macabeo.","robots":{"index":"noindex","follow":"follow","max-snippet":"max-snippet:-1","max-image-preview":"max-image-preview:large","max-video-preview":"max-video-preview:-1"},"og_locale":"es_ES","og_type":"article","og_title":"\"La caixa que raja\" vino blanco - Celler La Botera - Terra Alta","og_description":"Bag in box de 3 litros de vino bo DO Terra Alta. Vino blanco de garnacha y macabeo.","og_url":"https:\/\/labotera.panelserver.org\/es\/vins\/bag-in-box-vino-blanco\/","og_site_name":"Celler La Botera - Terra Alta","article_modified_time":"2022-08-11T10:32:35+00:00","og_image":[{"width":2000,"height":2000,"url":"https:\/\/labotera.panelserver.org\/wp-content\/uploads\/2022\/06\/lacaixaqueraja-labotera-2022-blanc.jpg","type":"image\/jpeg"}],"twitter_card":"summary_large_image","twitter_misc":{"Tiempo de lectura":"1 minuto"},"schema":{"@context":"https:\/\/schema.org","@graph":[{"@type":"WebPage","@id":"https:\/\/labotera.panelserver.org\/es\/vins\/bag-in-box-vino-blanco\/","url":"https:\/\/labotera.panelserver.org\/es\/vins\/bag-in-box-vino-blanco\/","name":"\"La caixa que raja\" vino blanco - Celler La Botera - Terra Alta","isPartOf":{"@id":"https:\/\/labotera.panelserver.org\/es\/#website"},"primaryImageOfPage":{"@id":"https:\/\/labotera.panelserver.org\/es\/vins\/bag-in-box-vino-blanco\/#primaryimage"},"image":{"@id":"https:\/\/labotera.panelserver.org\/es\/vins\/bag-in-box-vino-blanco\/#primaryimage"},"thumbnailUrl":"https:\/\/labotera.panelserver.org\/wp-content\/uploads\/2022\/06\/lacaixaqueraja-labotera-2022-blanc.jpg","datePublished":"2020-07-06T07:10:40+00:00","dateModified":"2022-08-11T10:32:35+00:00","description":"Bag in box de 3 litros de vino bo DO Terra Alta. Vino blanco de garnacha y macabeo.","breadcrumb":{"@id":"https:\/\/labotera.panelserver.org\/es\/vins\/bag-in-box-vino-blanco\/#breadcrumb"},"inLanguage":"es","potentialAction":[{"@type":"ReadAction","target":["https:\/\/labotera.panelserver.org\/es\/vins\/bag-in-box-vino-blanco\/"]}]},{"@type":"ImageObject","inLanguage":"es","@id":"https:\/\/labotera.panelserver.org\/es\/vins\/bag-in-box-vino-blanco\/#primaryimage","url":"https:\/\/labotera.panelserver.org\/wp-content\/uploads\/2022\/06\/lacaixaqueraja-labotera-2022-blanc.jpg","contentUrl":"https:\/\/labotera.panelserver.org\/wp-content\/uploads\/2022\/06\/lacaixaqueraja-labotera-2022-blanc.jpg","width":2000,"height":2000},{"@type":"BreadcrumbList","@id":"https:\/\/labotera.panelserver.org\/es\/vins\/bag-in-box-vino-blanco\/#breadcrumb","itemListElement":[{"@type":"ListItem","position":1,"name":"Portada","item":"https:\/\/labotera.panelserver.org\/es\/"},{"@type":"ListItem","position":2,"name":"Tienda","item":"https:\/\/labotera.panelserver.org\/es\/tienda\/"},{"@type":"ListItem","position":3,"name":"\u00abLa caixa que raja\u00bb vino blanco"}]},{"@type":"WebSite","@id":"https:\/\/labotera.panelserver.org\/es\/#website","url":"https:\/\/labotera.panelserver.org\/es\/","name":"Celler La Botera - Terra Alta","description":"","publisher":{"@id":"https:\/\/labotera.panelserver.org\/es\/#organization"},"potentialAction":[{"@type":"SearchAction","target":{"@type":"EntryPoint","urlTemplate":"https:\/\/labotera.panelserver.org\/es\/?s={search_term_string}"},"query-input":{"@type":"PropertyValueSpecification","valueRequired":true,"valueName":"search_term_string"}}],"inLanguage":"es"},{"@type":"Organization","@id":"https:\/\/labotera.panelserver.org\/es\/#organization","name":"Celler La Botera","url":"https:\/\/labotera.panelserver.org\/es\/","logo":{"@type":"ImageObject","inLanguage":"es","@id":"https:\/\/labotera.panelserver.org\/es\/#\/schema\/logo\/image\/","url":"https:\/\/labotera.panelserver.org\/wp-content\/uploads\/2019\/07\/logo-labotera-facturas.png","contentUrl":"https:\/\/labotera.panelserver.org\/wp-content\/uploads\/2019\/07\/logo-labotera-facturas.png","width":208,"height":40,"caption":"Celler La Botera"},"image":{"@id":"https:\/\/labotera.panelserver.org\/es\/#\/schema\/logo\/image\/"}}]}},"jetpack_sharing_enabled":true,"_links":{"self":[{"href":"https:\/\/labotera.panelserver.org\/es\/wp-json\/wp\/v2\/product\/27070","targetHints":{"allow":["GET"]}}],"collection":[{"href":"https:\/\/labotera.panelserver.org\/es\/wp-json\/wp\/v2\/product"}],"about":[{"href":"https:\/\/labotera.panelserver.org\/es\/wp-json\/wp\/v2\/types\/product"}],"version-history":[{"count":1,"href":"https:\/\/labotera.panelserver.org\/es\/wp-json\/wp\/v2\/product\/27070\/revisions"}],"predecessor-version":[{"id":41616,"href":"https:\/\/labotera.panelserver.org\/es\/wp-json\/wp\/v2\/product\/27070\/revisions\/41616"}],"wp:featuredmedia":[{"embeddable":true,"href":"https:\/\/labotera.panelserver.org\/es\/wp-json\/wp\/v2\/media\/41373"}],"wp:attachment":[{"href":"https:\/\/labotera.panelserver.org\/es\/wp-json\/wp\/v2\/media?parent=27070"}],"wp:term":[{"taxonomy":"product_brand","embeddable":true,"href":"https:\/\/labotera.panelserver.org\/es\/wp-json\/wp\/v2\/product_brand?post=27070"},{"taxonomy":"product_cat","embeddable":true,"href":"https:\/\/labotera.panelserver.org\/es\/wp-json\/wp\/v2\/product_cat?post=27070"},{"taxonomy":"product_tag","embeddable":true,"href":"https:\/\/labotera.panelserver.org\/es\/wp-json\/wp\/v2\/product_tag?post=27070"}],"curies":[{"name":"wp","href":"https:\/\/api.w.org\/{rel}","templated":true}]}}