{"id":37079,"date":"2021-08-30T10:07:43","date_gmt":"2021-08-30T08:07:43","guid":{"rendered":"https:\/\/labotera.com\/?post_type=product&#038;p=37079"},"modified":"2025-06-12T11:19:34","modified_gmt":"2025-06-12T09:19:34","slug":"mudefer-blanco","status":"publish","type":"product","link":"https:\/\/labotera.panelserver.org\/es\/vins\/mudefer-blanco\/","title":{"rendered":"Mud\u00e8fer Blanco"},"content":{"rendered":"<div class=\"wpb-content-wrapper\"><p>[vc_row css=\u00bb.vc_custom_1548668007479{padding-right: 0px !important;}\u00bb][vc_column width=\u00bb1\/2&#8243;][vc_column_text]<\/p>\n<div id=\"container\">\n<div id=\"row\">\n<div id=\"left\"><img data-recalc-dims=\"1\" decoding=\"async\" class=\"icono\" src=\"https:\/\/i0.wp.com\/labotera.panelserver.org\/wp-content\/uploads\/2019\/01\/Icon_local.jpg?w=1200&#038;ssl=1\" alt=\"\" \/><\/div>\n<div id=\"middle\">\n<div class=\"texto\">\n<h3><b>LOCALIZACI\u00d3N<\/b><\/h3>\n<\/div>\n<\/div>\n<\/div>\n<\/div>\n<div id=\"container\">\n<div id=\"row\">\n<div id=\"left\" class=\"blanc\"><\/div>\n<div id=\"middle\">\n<div class=\"texto\">\n<p>Pa\u00eds: Espa\u00f1a<br \/>\nDenominaci\u00f3n de origen: Terra Alta<br \/>\nCentro de elaboraci\u00f3n: Batea<\/p>\n<\/div>\n<\/div>\n<\/div>\n<\/div>\n<p>[\/vc_column_text][vc_column_text css=\u00bb.vc_custom_1630312082314{margin-top: -15px !important;}\u00bb]<\/p>\n<div id=\"container\">\n<div id=\"row\">\n<div id=\"left\"><img data-recalc-dims=\"1\" decoding=\"async\" class=\"icono\" src=\"https:\/\/i0.wp.com\/labotera.panelserver.org\/wp-content\/uploads\/2019\/01\/Icon_Varietats.jpg?w=1200&#038;ssl=1\" alt=\"\" \/><\/div>\n<div id=\"middle\">\n<div class=\"texto\">\n<h3><b>VARIEDADES<\/b><\/h3>\n<\/div>\n<\/div>\n<\/div>\n<\/div>\n<div id=\"container\">\n<div id=\"row\">\n<div id=\"left\" class=\"blanc\"><\/div>\n<div id=\"middle\">\n<div class=\"texto\">Garnacha blanca 100%<\/div>\n<\/div>\n<\/div>\n<\/div>\n<p>[\/vc_column_text][vc_column_text]<\/p>\n<div id=\"container\">\n<div id=\"row\">\n<div id=\"left\"><img data-recalc-dims=\"1\" decoding=\"async\" class=\"icono\" src=\"https:\/\/i0.wp.com\/labotera.panelserver.org\/wp-content\/uploads\/2019\/01\/Icon_crian%C3%A7a.jpg?w=1200&#038;ssl=1\" alt=\"\" \/><\/div>\n<div id=\"middle\">\n<div class=\"texto\">\n<h3><b>CRIANZA<\/b><\/h3>\n<\/div>\n<\/div>\n<\/div>\n<\/div>\n<div id=\"container\">\n<div id=\"row\">\n<div id=\"left\" class=\"blanc\"><\/div>\n<div id=\"middle\">\n<div class=\"texto\">De 6 a 8 meses en bota francesa nueva<\/div>\n<\/div>\n<\/div>\n<\/div>\n<p>[\/vc_column_text][\/vc_column][vc_column width=\u00bb1\/2&#8243;][vc_column_text css=\u00bb.vc_custom_1630312101766{margin-top: -15px !important;}\u00bb]<\/p>\n<div id=\"container\">\n<div id=\"row\">\n<div id=\"left\"><img data-recalc-dims=\"1\" decoding=\"async\" class=\"icono\" src=\"https:\/\/i0.wp.com\/labotera.panelserver.org\/wp-content\/uploads\/2019\/01\/Icon_Vinificacio.jpg?w=1200&#038;ssl=1\" alt=\"\" \/><\/div>\n<div id=\"middle\">\n<div class=\"texto\">\n<h3><b>VINIFICACI\u00d3N<\/b><\/h3>\n<\/div>\n<\/div>\n<\/div>\n<\/div>\n<div id=\"container\">\n<div id=\"row\">\n<div id=\"left\" class=\"blanc\"><\/div>\n<div id=\"middle\">\n<div class=\"texto\">Fermentaci\u00f3n a temperatura controlada<\/div>\n<\/div>\n<\/div>\n<\/div>\n<p>[\/vc_column_text][vc_column_text css=\u00bb.vc_custom_1630312203753{margin-top: -15px !important;}\u00bb]<\/p>\n<div id=\"container\">\n<div id=\"row\">\n<div id=\"left\"><img data-recalc-dims=\"1\" decoding=\"async\" class=\"icono\" src=\"https:\/\/i0.wp.com\/labotera.panelserver.org\/wp-content\/uploads\/2019\/01\/Icon_Tast.jpg?w=1200&#038;ssl=1\" alt=\"\" \/><\/div>\n<div id=\"middle\">\n<div class=\"texto\">\n<h3><b>CATA<\/b><\/h3>\n<\/div>\n<\/div>\n<\/div>\n<\/div>\n<div id=\"container\">\n<div id=\"row\">\n<div id=\"left\" class=\"blanc\"><\/div>\n<div id=\"middle\">\n<div class=\"texto\">Color dorado, con reflejos verdes y grises, t\u00edpicos de la garnacha blanca. En nariz, encontramos notas c\u00edtricas y de fruta blanca madura, pera, manzana, con toques de frutas tropicales y florales mixtas con notas de tostado y caf\u00e9 que derivan de la crianza en madera. Al final, se puede notar un poco de amargor, tipicidad de la variedad de uva. En boca, encontramos notas c\u00edtricas y fruta blanca en armon\u00eda con la parte tostada de la crianza en roble franc\u00e9s. La redondez que tenemos en boca se debe al trabajo de las l\u00edas finas despu\u00e9s de la fermentaci\u00f3n alcoh\u00f3lica con la t\u00e9cnica del bastoneo.<\/div>\n<\/div>\n<\/div>\n<\/div>\n<p>[\/vc_column_text][vc_row_inner][vc_column_inner width=\u00bb1\/2&#8243;]<style type=\"text\/css\" data-type=\"the7_shortcodes-inline-css\">#default-btn-d5d38531bca3cc42b1d4dcda25d93f24.ico-right-side > i {\n  margin-right: 0px;\n  margin-left: 8px;\n}\n#default-btn-d5d38531bca3cc42b1d4dcda25d93f24 > i {\n  margin-right: 8px;\n}\n<\/style><div class=\"btn-align-center\"><a href=\"https:\/\/labotera.panelserver.org\/wp-content\/uploads\/2023\/07\/mudefer-blanc-castella-2023.pdf\" class=\"default-btn-shortcode dt-btn dt-btn-m link-hover-off ico-right-side \" target=\"_blank\" id=\"default-btn-d5d38531bca3cc42b1d4dcda25d93f24\" rel=\"noopener\"><span>Descargar ficha<\/span><i class=\"fas fa-cloud-download-alt\"><\/i><\/a><\/div>[\/vc_column_inner][vc_column_inner width=\u00bb1\/2&#8243;][\/vc_column_inner][\/vc_row_inner][\/vc_column][\/vc_row]<\/p>\n<\/div>","protected":false},"excerpt":{"rendered":"<div class=\"texto\">Las uvas provienen, tras una primera selecci\u00f3n en campo, de vi\u00f1as viejas recogidas a mano. Estas uvas dan estructura y buena acidez al vino.<\/div>\n<div><\/div>\n<div class=\"texto\">El mosto fermenta a una temperatura controlada de 14 \u00baC en dep\u00f3sitos de Inox y despu\u00e9s se transvasa en barricas nuevas de roble franc\u00e9s de 300 L, donde hace una crianza m\u00ednima de 6 meses.<\/div>\n<div><\/div>\n","protected":false},"featured_media":37091,"template":"","meta":{"_joinchat":[]},"product_brand":[],"product_cat":[169,266],"product_tag":[],"class_list":{"0":"post-37079","1":"product","2":"type-product","3":"status-publish","4":"has-post-thumbnail","6":"product_cat-unidades","7":"product_cat-vinos-blancos-tienda","8":"product_shipping_class-envios-unidades-standard","9":"description-off","11":"first","12":"instock","13":"taxable","14":"shipping-taxable","15":"purchasable","16":"product-type-simple"},"yoast_head":"<!-- This site is optimized with the Yoast SEO plugin v25.7 - https:\/\/yoast.com\/wordpress\/plugins\/seo\/ -->\n<title>Mud\u00e8fer Blanco - Celler La Botera - Terra Alta<\/title>\n<meta name=\"robots\" content=\"noindex, follow, max-snippet:-1, max-image-preview:large, max-video-preview:-1\" \/>\n<meta property=\"og:locale\" content=\"es_ES\" \/>\n<meta property=\"og:type\" content=\"article\" \/>\n<meta property=\"og:title\" content=\"Mud\u00e8fer Blanco - Celler La Botera - Terra Alta\" \/>\n<meta property=\"og:description\" content=\"Las uvas provienen, tras una primera selecci\u00f3n en campo, de vi\u00f1as viejas recogidas a mano. Estas uvas dan estructura y buena acidez al vino.  El mosto fermenta a una temperatura controlada de 14 \u00baC en dep\u00f3sitos de Inox y despu\u00e9s se transvasa en barricas nuevas de roble franc\u00e9s de 300 L, donde hace una crianza m\u00ednima de 6 meses.\" \/>\n<meta property=\"og:url\" content=\"https:\/\/labotera.panelserver.org\/es\/vins\/mudefer-blanco\/\" \/>\n<meta property=\"og:site_name\" content=\"Celler La Botera - Terra Alta\" \/>\n<meta property=\"article:modified_time\" content=\"2025-06-12T09:19:34+00:00\" \/>\n<meta property=\"og:image\" content=\"https:\/\/labotera.panelserver.org\/wp-content\/uploads\/2021\/08\/mudefer-blanc-web.jpg\" \/>\n\t<meta property=\"og:image:width\" content=\"500\" \/>\n\t<meta property=\"og:image:height\" content=\"500\" \/>\n\t<meta property=\"og:image:type\" content=\"image\/jpeg\" \/>\n<meta name=\"twitter:card\" content=\"summary_large_image\" \/>\n<meta name=\"twitter:label1\" content=\"Tiempo de lectura\" \/>\n\t<meta name=\"twitter:data1\" content=\"3 minutos\" \/>\n<script type=\"application\/ld+json\" class=\"yoast-schema-graph\">{\"@context\":\"https:\/\/schema.org\",\"@graph\":[{\"@type\":\"WebPage\",\"@id\":\"https:\/\/labotera.panelserver.org\/es\/vins\/mudefer-blanco\/\",\"url\":\"https:\/\/labotera.panelserver.org\/es\/vins\/mudefer-blanco\/\",\"name\":\"Mud\u00e8fer Blanco - Celler La Botera - Terra Alta\",\"isPartOf\":{\"@id\":\"https:\/\/labotera.panelserver.org\/es\/#website\"},\"primaryImageOfPage\":{\"@id\":\"https:\/\/labotera.panelserver.org\/es\/vins\/mudefer-blanco\/#primaryimage\"},\"image\":{\"@id\":\"https:\/\/labotera.panelserver.org\/es\/vins\/mudefer-blanco\/#primaryimage\"},\"thumbnailUrl\":\"https:\/\/labotera.panelserver.org\/wp-content\/uploads\/2021\/08\/mudefer-blanc-web.jpg\",\"datePublished\":\"2021-08-30T08:07:43+00:00\",\"dateModified\":\"2025-06-12T09:19:34+00:00\",\"breadcrumb\":{\"@id\":\"https:\/\/labotera.panelserver.org\/es\/vins\/mudefer-blanco\/#breadcrumb\"},\"inLanguage\":\"es\",\"potentialAction\":[{\"@type\":\"ReadAction\",\"target\":[\"https:\/\/labotera.panelserver.org\/es\/vins\/mudefer-blanco\/\"]}]},{\"@type\":\"ImageObject\",\"inLanguage\":\"es\",\"@id\":\"https:\/\/labotera.panelserver.org\/es\/vins\/mudefer-blanco\/#primaryimage\",\"url\":\"https:\/\/labotera.panelserver.org\/wp-content\/uploads\/2021\/08\/mudefer-blanc-web.jpg\",\"contentUrl\":\"https:\/\/labotera.panelserver.org\/wp-content\/uploads\/2021\/08\/mudefer-blanc-web.jpg\",\"width\":500,\"height\":500},{\"@type\":\"BreadcrumbList\",\"@id\":\"https:\/\/labotera.panelserver.org\/es\/vins\/mudefer-blanco\/#breadcrumb\",\"itemListElement\":[{\"@type\":\"ListItem\",\"position\":1,\"name\":\"Portada\",\"item\":\"https:\/\/labotera.panelserver.org\/es\/\"},{\"@type\":\"ListItem\",\"position\":2,\"name\":\"Tienda\",\"item\":\"https:\/\/labotera.panelserver.org\/es\/tienda\/\"},{\"@type\":\"ListItem\",\"position\":3,\"name\":\"Mud\u00e8fer Blanco\"}]},{\"@type\":\"WebSite\",\"@id\":\"https:\/\/labotera.panelserver.org\/es\/#website\",\"url\":\"https:\/\/labotera.panelserver.org\/es\/\",\"name\":\"Celler La Botera - Terra Alta\",\"description\":\"\",\"publisher\":{\"@id\":\"https:\/\/labotera.panelserver.org\/es\/#organization\"},\"potentialAction\":[{\"@type\":\"SearchAction\",\"target\":{\"@type\":\"EntryPoint\",\"urlTemplate\":\"https:\/\/labotera.panelserver.org\/es\/?s={search_term_string}\"},\"query-input\":{\"@type\":\"PropertyValueSpecification\",\"valueRequired\":true,\"valueName\":\"search_term_string\"}}],\"inLanguage\":\"es\"},{\"@type\":\"Organization\",\"@id\":\"https:\/\/labotera.panelserver.org\/es\/#organization\",\"name\":\"Celler La Botera\",\"url\":\"https:\/\/labotera.panelserver.org\/es\/\",\"logo\":{\"@type\":\"ImageObject\",\"inLanguage\":\"es\",\"@id\":\"https:\/\/labotera.panelserver.org\/es\/#\/schema\/logo\/image\/\",\"url\":\"https:\/\/labotera.panelserver.org\/wp-content\/uploads\/2019\/07\/logo-labotera-facturas.png\",\"contentUrl\":\"https:\/\/labotera.panelserver.org\/wp-content\/uploads\/2019\/07\/logo-labotera-facturas.png\",\"width\":208,\"height\":40,\"caption\":\"Celler La Botera\"},\"image\":{\"@id\":\"https:\/\/labotera.panelserver.org\/es\/#\/schema\/logo\/image\/\"}}]}<\/script>\n<!-- \/ Yoast SEO plugin. -->","yoast_head_json":{"title":"Mud\u00e8fer Blanco - Celler La Botera - Terra Alta","robots":{"index":"noindex","follow":"follow","max-snippet":"max-snippet:-1","max-image-preview":"max-image-preview:large","max-video-preview":"max-video-preview:-1"},"og_locale":"es_ES","og_type":"article","og_title":"Mud\u00e8fer Blanco - Celler La Botera - Terra Alta","og_description":"Las uvas provienen, tras una primera selecci\u00f3n en campo, de vi\u00f1as viejas recogidas a mano. Estas uvas dan estructura y buena acidez al vino.  El mosto fermenta a una temperatura controlada de 14 \u00baC en dep\u00f3sitos de Inox y despu\u00e9s se transvasa en barricas nuevas de roble franc\u00e9s de 300 L, donde hace una crianza m\u00ednima de 6 meses.","og_url":"https:\/\/labotera.panelserver.org\/es\/vins\/mudefer-blanco\/","og_site_name":"Celler La Botera - Terra Alta","article_modified_time":"2025-06-12T09:19:34+00:00","og_image":[{"width":500,"height":500,"url":"https:\/\/labotera.panelserver.org\/wp-content\/uploads\/2021\/08\/mudefer-blanc-web.jpg","type":"image\/jpeg"}],"twitter_card":"summary_large_image","twitter_misc":{"Tiempo de lectura":"3 minutos"},"schema":{"@context":"https:\/\/schema.org","@graph":[{"@type":"WebPage","@id":"https:\/\/labotera.panelserver.org\/es\/vins\/mudefer-blanco\/","url":"https:\/\/labotera.panelserver.org\/es\/vins\/mudefer-blanco\/","name":"Mud\u00e8fer Blanco - Celler La Botera - Terra Alta","isPartOf":{"@id":"https:\/\/labotera.panelserver.org\/es\/#website"},"primaryImageOfPage":{"@id":"https:\/\/labotera.panelserver.org\/es\/vins\/mudefer-blanco\/#primaryimage"},"image":{"@id":"https:\/\/labotera.panelserver.org\/es\/vins\/mudefer-blanco\/#primaryimage"},"thumbnailUrl":"https:\/\/labotera.panelserver.org\/wp-content\/uploads\/2021\/08\/mudefer-blanc-web.jpg","datePublished":"2021-08-30T08:07:43+00:00","dateModified":"2025-06-12T09:19:34+00:00","breadcrumb":{"@id":"https:\/\/labotera.panelserver.org\/es\/vins\/mudefer-blanco\/#breadcrumb"},"inLanguage":"es","potentialAction":[{"@type":"ReadAction","target":["https:\/\/labotera.panelserver.org\/es\/vins\/mudefer-blanco\/"]}]},{"@type":"ImageObject","inLanguage":"es","@id":"https:\/\/labotera.panelserver.org\/es\/vins\/mudefer-blanco\/#primaryimage","url":"https:\/\/labotera.panelserver.org\/wp-content\/uploads\/2021\/08\/mudefer-blanc-web.jpg","contentUrl":"https:\/\/labotera.panelserver.org\/wp-content\/uploads\/2021\/08\/mudefer-blanc-web.jpg","width":500,"height":500},{"@type":"BreadcrumbList","@id":"https:\/\/labotera.panelserver.org\/es\/vins\/mudefer-blanco\/#breadcrumb","itemListElement":[{"@type":"ListItem","position":1,"name":"Portada","item":"https:\/\/labotera.panelserver.org\/es\/"},{"@type":"ListItem","position":2,"name":"Tienda","item":"https:\/\/labotera.panelserver.org\/es\/tienda\/"},{"@type":"ListItem","position":3,"name":"Mud\u00e8fer Blanco"}]},{"@type":"WebSite","@id":"https:\/\/labotera.panelserver.org\/es\/#website","url":"https:\/\/labotera.panelserver.org\/es\/","name":"Celler La Botera - Terra Alta","description":"","publisher":{"@id":"https:\/\/labotera.panelserver.org\/es\/#organization"},"potentialAction":[{"@type":"SearchAction","target":{"@type":"EntryPoint","urlTemplate":"https:\/\/labotera.panelserver.org\/es\/?s={search_term_string}"},"query-input":{"@type":"PropertyValueSpecification","valueRequired":true,"valueName":"search_term_string"}}],"inLanguage":"es"},{"@type":"Organization","@id":"https:\/\/labotera.panelserver.org\/es\/#organization","name":"Celler La Botera","url":"https:\/\/labotera.panelserver.org\/es\/","logo":{"@type":"ImageObject","inLanguage":"es","@id":"https:\/\/labotera.panelserver.org\/es\/#\/schema\/logo\/image\/","url":"https:\/\/labotera.panelserver.org\/wp-content\/uploads\/2019\/07\/logo-labotera-facturas.png","contentUrl":"https:\/\/labotera.panelserver.org\/wp-content\/uploads\/2019\/07\/logo-labotera-facturas.png","width":208,"height":40,"caption":"Celler La Botera"},"image":{"@id":"https:\/\/labotera.panelserver.org\/es\/#\/schema\/logo\/image\/"}}]}},"jetpack_sharing_enabled":true,"_links":{"self":[{"href":"https:\/\/labotera.panelserver.org\/es\/wp-json\/wp\/v2\/product\/37079","targetHints":{"allow":["GET"]}}],"collection":[{"href":"https:\/\/labotera.panelserver.org\/es\/wp-json\/wp\/v2\/product"}],"about":[{"href":"https:\/\/labotera.panelserver.org\/es\/wp-json\/wp\/v2\/types\/product"}],"version-history":[{"count":2,"href":"https:\/\/labotera.panelserver.org\/es\/wp-json\/wp\/v2\/product\/37079\/revisions"}],"predecessor-version":[{"id":47684,"href":"https:\/\/labotera.panelserver.org\/es\/wp-json\/wp\/v2\/product\/37079\/revisions\/47684"}],"wp:featuredmedia":[{"embeddable":true,"href":"https:\/\/labotera.panelserver.org\/es\/wp-json\/wp\/v2\/media\/37091"}],"wp:attachment":[{"href":"https:\/\/labotera.panelserver.org\/es\/wp-json\/wp\/v2\/media?parent=37079"}],"wp:term":[{"taxonomy":"product_brand","embeddable":true,"href":"https:\/\/labotera.panelserver.org\/es\/wp-json\/wp\/v2\/product_brand?post=37079"},{"taxonomy":"product_cat","embeddable":true,"href":"https:\/\/labotera.panelserver.org\/es\/wp-json\/wp\/v2\/product_cat?post=37079"},{"taxonomy":"product_tag","embeddable":true,"href":"https:\/\/labotera.panelserver.org\/es\/wp-json\/wp\/v2\/product_tag?post=37079"}],"curies":[{"name":"wp","href":"https:\/\/api.w.org\/{rel}","templated":true}]}}